{"id":36,"date":"2022-02-21T16:03:49","date_gmt":"2022-02-21T15:03:49","guid":{"rendered":"https:\/\/setup.big-biking-cleanup.com\/?page_id=36"},"modified":"2023-01-12T10:31:16","modified_gmt":"2023-01-12T09:31:16","slug":"die-spendenaktion-seehamster","status":"publish","type":"page","link":"https:\/\/www.big-biking-cleanup.com\/en\/die-spendenaktion-seehamster\/","title":{"rendered":"The Fundraising Campaign"},"content":{"rendered":"<div data-elementor-type=\"wp-page\" data-elementor-id=\"36\" class=\"elementor elementor-36\" data-elementor-post-type=\"page\">\n\t\t\t\t\t\t<section class=\"elementor-section elementor-top-section elementor-element elementor-element-563da99 elementor-section-boxed elementor-section-height-default elementor-section-height-default\" data-id=\"563da99\" data-element_type=\"section\" data-e-type=\"section\">\n\t\t\t\t\t\t<div class=\"elementor-container elementor-column-gap-default\">\n\t\t\t\t\t<div class=\"elementor-column elementor-col-100 elementor-top-column elementor-element elementor-element-55a9265\" data-id=\"55a9265\" data-element_type=\"column\" data-e-type=\"column\">\n\t\t\t<div class=\"elementor-widget-wrap elementor-element-populated\">\n\t\t\t\t\t\t<div class=\"elementor-element elementor-element-ae2f89d elementor-widget elementor-widget-heading\" data-id=\"ae2f89d\" data-element_type=\"widget\" data-e-type=\"widget\" data-widget_type=\"heading.default\">\n\t\t\t\t<div class=\"elementor-widget-container\">\n\t\t\t\t\t<h1 class=\"elementor-heading-title elementor-size-default\">The Fundraising Campaign<\/h1>\t\t\t\t<\/div>\n\t\t\t\t<\/div>\n\t\t\t\t<div class=\"elementor-element elementor-element-3002fd4 elementor-widget elementor-widget-heading\" data-id=\"3002fd4\" data-element_type=\"widget\" data-e-type=\"widget\" data-widget_type=\"heading.default\">\n\t\t\t\t<div class=\"elementor-widget-container\">\n\t\t\t\t\t<h2 class=\"elementor-heading-title elementor-size-default\">20,000 \u20ac for a SeaHamster from One Earth - One Ocean e. V.<\/h2>\t\t\t\t<\/div>\n\t\t\t\t<\/div>\n\t\t\t\t\t<\/div>\n\t\t<\/div>\n\t\t\t\t\t<\/div>\n\t\t<\/section>\n\t\t\t\t<section class=\"elementor-section elementor-top-section elementor-element elementor-element-4ea4104 elementor-section-full_width elementor-section-height-default elementor-section-height-default\" data-id=\"4ea4104\" data-element_type=\"section\" data-e-type=\"section\">\n\t\t\t\t\t\t<div class=\"elementor-container elementor-column-gap-default\">\n\t\t\t\t\t<div class=\"elementor-column elementor-col-100 elementor-top-column elementor-element elementor-element-c5185a5\" data-id=\"c5185a5\" data-element_type=\"column\" data-e-type=\"column\">\n\t\t\t<div class=\"elementor-widget-wrap elementor-element-populated\">\n\t\t\t\t\t\t<div class=\"elementor-element elementor-element-1fe1453 elementor-widget-divider--separator-type-pattern elementor-widget-divider--view-line elementor-widget elementor-widget-divider\" data-id=\"1fe1453\" data-element_type=\"widget\" data-e-type=\"widget\" data-widget_type=\"divider.default\">\n\t\t\t\t<div class=\"elementor-widget-container\">\n\t\t\t\t\t\t\t<div class=\"elementor-divider\" style=\"--divider-pattern-url: url(&quot;data:image\/svg+xml,%3Csvg xmlns=&#039;http:\/\/www.w3.org\/2000\/svg&#039; preserveAspectRatio=&#039;none&#039; overflow=&#039;visible&#039; height=&#039;100%&#039; viewBox=&#039;0 0 24 24&#039; fill=&#039;none&#039; stroke=&#039;black&#039; stroke-width=&#039;1&#039; stroke-linecap=&#039;square&#039; stroke-miterlimit=&#039;10&#039;%3E%3Cpath d=&#039;M0,6c6,0,0.9,11.1,6.9,11.1S18,6,24,6&#039;\/%3E%3C\/svg%3E&quot;);\">\n\t\t\t<span class=\"elementor-divider-separator\">\n\t\t\t\t\t\t<\/span>\n\t\t<\/div>\n\t\t\t\t\t\t<\/div>\n\t\t\t\t<\/div>\n\t\t\t\t\t<\/div>\n\t\t<\/div>\n\t\t\t\t\t<\/div>\n\t\t<\/section>\n\t\t\t\t<section class=\"elementor-section elementor-top-section elementor-element elementor-element-3f390b3 elementor-section-boxed elementor-section-height-default elementor-section-height-default\" data-id=\"3f390b3\" data-element_type=\"section\" data-e-type=\"section\">\n\t\t\t\t\t\t<div class=\"elementor-container elementor-column-gap-default\">\n\t\t\t\t\t<div class=\"elementor-column elementor-col-50 elementor-top-column elementor-element elementor-element-c25ede8 td-box-schatten-standard\" data-id=\"c25ede8\" data-element_type=\"column\" data-e-type=\"column\" data-settings=\"{&quot;background_background&quot;:&quot;classic&quot;}\">\n\t\t\t<div class=\"elementor-widget-wrap elementor-element-populated\">\n\t\t\t\t\t\t<div class=\"elementor-element elementor-element-26e25e3 elementor-widget elementor-widget-heading\" data-id=\"26e25e3\" data-element_type=\"widget\" data-e-type=\"widget\" data-widget_type=\"heading.default\">\n\t\t\t\t<div class=\"elementor-widget-container\">\n\t\t\t\t\t<h1 class=\"elementor-heading-title elementor-size-default\">The idea of One Earth - One Ocean e. V.<\/h1>\t\t\t\t<\/div>\n\t\t\t\t<\/div>\n\t\t\t\t<div class=\"elementor-element elementor-element-4aa7a53 elementor-widget elementor-widget-text-editor\" data-id=\"4aa7a53\" data-element_type=\"widget\" data-e-type=\"widget\" data-widget_type=\"text-editor.default\">\n\t\t\t\t<div class=\"elementor-widget-container\">\n\t\t\t\t\t\t\t\t\t<p>Eine der gr\u00f6\u00dften Herausforderungen f\u00fcr unsere globale Gesellschaft ist die Verschmutzung der Ozeane, Fl\u00fcsse und Seen. Sch\u00e4tzungen zufolge befinden sich <b>bereits 150 Millionen Tonnen Plastik in den Weltmeeren<\/b>, und jedes Jahr gelangen mehr als 10 Millionen Tonnen hinzu. Bis zu 80% des Meeresm\u00fclls haben ihren Ursprung an Land, etwa drei Viertel davon sind aus Plastik. Einer aktuellen UN-Studie nach werden bis zum Jahr 2050 mehr Plastikteile als Fischen in den Meeren schwimmen.<\/p><p class=\"translation-block\">You can already see what this looks like today. Huge carpets of plastic waste are floating in the oceans. The largest, <b>the Great Pacific Garbage Patch, is already the unimaginable size of Central Europe, i.e. Germany, Austria, Switzerland, Poland, Luxembourg, Hungary and the Czech Republic combined<\/b>.<\/p><p>Birds, fish and other creatures die from internal injuries and stomachs clogged with litter as they eat the plastic. Almost all species of fish and sea turtles, as well as over 40% of whales and about 36% of seabirds, eat marine litter. Other marine animals get entangled or strangled in old fishing nets, ropes or plastic film.<\/p>\t\t\t\t\t\t\t\t<\/div>\n\t\t\t\t<\/div>\n\t\t\t\t<div class=\"elementor-element elementor-element-171366b elementor-widget elementor-widget-image\" data-id=\"171366b\" data-element_type=\"widget\" data-e-type=\"widget\" data-widget_type=\"image.default\">\n\t\t\t\t<div class=\"elementor-widget-container\">\n\t\t\t\t\t\t\t\t\t\t\t\t\t\t\t<img fetchpriority=\"high\" decoding=\"async\" width=\"600\" height=\"450\" src=\"https:\/\/www.big-biking-cleanup.com\/wp-content\/uploads\/2022\/03\/plastikmuell-am-strand-01.webp\" class=\"attachment-large size-large wp-image-1475\" alt=\"\" srcset=\"https:\/\/www.big-biking-cleanup.com\/wp-content\/uploads\/2022\/03\/plastikmuell-am-strand-01.webp 600w, https:\/\/www.big-biking-cleanup.com\/wp-content\/uploads\/2022\/03\/plastikmuell-am-strand-01-300x225.webp 300w\" sizes=\"(max-width: 600px) 100vw, 600px\" \/>\t\t\t\t\t\t\t\t\t\t\t\t\t\t\t<\/div>\n\t\t\t\t<\/div>\n\t\t\t\t<div class=\"elementor-element elementor-element-9040570 elementor-widget elementor-widget-heading\" data-id=\"9040570\" data-element_type=\"widget\" data-e-type=\"widget\" data-widget_type=\"heading.default\">\n\t\t\t\t<div class=\"elementor-widget-container\">\n\t\t\t\t\t<h2 class=\"elementor-heading-title elementor-size-default\">Microplastics<\/h2>\t\t\t\t<\/div>\n\t\t\t\t<\/div>\n\t\t\t\t<div class=\"elementor-element elementor-element-acd6887 elementor-widget elementor-widget-text-editor\" data-id=\"acd6887\" data-element_type=\"widget\" data-e-type=\"widget\" data-widget_type=\"text-editor.default\">\n\t\t\t\t<div class=\"elementor-widget-container\">\n\t\t\t\t\t\t\t\t\t<p class=\"translation-block\">Plastic has a lifespan of up to 500 years. <strong>It does not simply disappear from the oceans but breaks down into smaller and smaller fragments through friction<\/strong>, salt water and UV radiation until it becomes microplastic. Further microplastics are components of e.g., cosmetics, fibres of synthetic clothing or abrasion from car tyres and shoe soles and are washed into the oceans via rivers.<\/p><p class=\"translation-block\">Even now, microplastics can hardly be removed from nature. Marine animals mistake it for food and die from it, and it also binds microorganisms and pollutants.<\/p>\t\t\t\t\t\t\t\t<\/div>\n\t\t\t\t<\/div>\n\t\t\t\t<div class=\"elementor-element elementor-element-41644ac elementor-button-success elementor-align-right elementor-mobile-align-center elementor-widget elementor-widget-button\" data-id=\"41644ac\" data-element_type=\"widget\" data-e-type=\"widget\" data-widget_type=\"button.default\">\n\t\t\t\t<div class=\"elementor-widget-container\">\n\t\t\t\t\t\t\t\t\t<div class=\"elementor-button-wrapper\">\n\t\t\t\t\t<a class=\"elementor-button elementor-button-link elementor-size-sm\" href=\"https:\/\/oneearth-oneocean.com\" target=\"_blank\">\n\t\t\t\t\t\t<span class=\"elementor-button-content-wrapper\">\n\t\t\t\t\t\t<span class=\"elementor-button-icon\">\n\t\t\t\t<i aria-hidden=\"true\" class=\"fas fa-arrow-right\"><\/i>\t\t\t<\/span>\n\t\t\t\t\t\t\t\t\t<span class=\"elementor-button-text\">To the OEOO e.V. website<\/span>\n\t\t\t\t\t<\/span>\n\t\t\t\t\t<\/a>\n\t\t\t\t<\/div>\n\t\t\t\t\t\t\t\t<\/div>\n\t\t\t\t<\/div>\n\t\t\t\t\t<\/div>\n\t\t<\/div>\n\t\t\t\t<div class=\"elementor-column elementor-col-50 elementor-top-column elementor-element elementor-element-120a3cd\" data-id=\"120a3cd\" data-element_type=\"column\" data-e-type=\"column\">\n\t\t\t<div class=\"elementor-widget-wrap elementor-element-populated\">\n\t\t\t\t\t\t<section class=\"elementor-section elementor-inner-section elementor-element elementor-element-5b2a224 td-box-schatten-standard elementor-section-boxed elementor-section-height-default elementor-section-height-default\" data-id=\"5b2a224\" data-element_type=\"section\" data-e-type=\"section\">\n\t\t\t\t\t\t<div class=\"elementor-container elementor-column-gap-default\">\n\t\t\t\t\t<div class=\"elementor-column elementor-col-100 elementor-inner-column elementor-element elementor-element-b0e7002\" data-id=\"b0e7002\" data-element_type=\"column\" data-e-type=\"column\" data-settings=\"{&quot;background_background&quot;:&quot;classic&quot;}\">\n\t\t\t<div class=\"elementor-widget-wrap elementor-element-populated\">\n\t\t\t\t\t\t<div class=\"elementor-element elementor-element-9bc5ae4 elementor-widget elementor-widget-image\" data-id=\"9bc5ae4\" data-element_type=\"widget\" data-e-type=\"widget\" data-widget_type=\"image.default\">\n\t\t\t\t<div class=\"elementor-widget-container\">\n\t\t\t\t\t\t\t\t\t\t\t\t\t\t\t<img decoding=\"async\" width=\"600\" height=\"450\" src=\"https:\/\/www.big-biking-cleanup.com\/wp-content\/uploads\/2022\/10\/unterwegs-fuer-oeoo.webp\" class=\"attachment-large size-large wp-image-4334\" alt=\"Unterwegs f\u00fcr OEOO\" srcset=\"https:\/\/www.big-biking-cleanup.com\/wp-content\/uploads\/2022\/10\/unterwegs-fuer-oeoo.webp 600w, https:\/\/www.big-biking-cleanup.com\/wp-content\/uploads\/2022\/10\/unterwegs-fuer-oeoo-300x225.webp 300w, https:\/\/www.big-biking-cleanup.com\/wp-content\/uploads\/2022\/10\/unterwegs-fuer-oeoo-16x12.webp 16w\" sizes=\"(max-width: 600px) 100vw, 600px\" \/>\t\t\t\t\t\t\t\t\t\t\t\t\t\t\t<\/div>\n\t\t\t\t<\/div>\n\t\t\t\t\t<\/div>\n\t\t<\/div>\n\t\t\t\t\t<\/div>\n\t\t<\/section>\n\t\t\t\t<section class=\"elementor-section elementor-inner-section elementor-element elementor-element-f4164d2 td-box-schatten-standard elementor-section-boxed elementor-section-height-default elementor-section-height-default\" data-id=\"f4164d2\" data-element_type=\"section\" data-e-type=\"section\" data-settings=\"{&quot;background_background&quot;:&quot;classic&quot;}\">\n\t\t\t\t\t\t<div class=\"elementor-container elementor-column-gap-default\">\n\t\t\t\t\t<div class=\"elementor-column elementor-col-100 elementor-inner-column elementor-element elementor-element-b1d8330\" data-id=\"b1d8330\" data-element_type=\"column\" data-e-type=\"column\">\n\t\t\t<div class=\"elementor-widget-wrap elementor-element-populated\">\n\t\t\t\t\t\t<div class=\"elementor-element elementor-element-0ee3d49 elementor-widget elementor-widget-heading\" data-id=\"0ee3d49\" data-element_type=\"widget\" data-e-type=\"widget\" data-widget_type=\"heading.default\">\n\t\t\t\t<div class=\"elementor-widget-container\">\n\t\t\t\t\t<h2 class=\"elementor-heading-title elementor-size-default\">The SeeHamster<\/h2>\t\t\t\t<\/div>\n\t\t\t\t<\/div>\n\t\t\t\t<div class=\"elementor-element elementor-element-750e7ff elementor-widget elementor-widget-image\" data-id=\"750e7ff\" data-element_type=\"widget\" data-e-type=\"widget\" data-widget_type=\"image.default\">\n\t\t\t\t<div class=\"elementor-widget-container\">\n\t\t\t\t\t\t\t\t\t\t\t\t\t\t\t<img decoding=\"async\" width=\"600\" height=\"450\" src=\"https:\/\/www.big-biking-cleanup.com\/wp-content\/uploads\/2022\/03\/die-spendenaktion-seehamster.webp\" class=\"attachment-large size-large wp-image-1417\" alt=\"\" srcset=\"https:\/\/www.big-biking-cleanup.com\/wp-content\/uploads\/2022\/03\/die-spendenaktion-seehamster.webp 600w, https:\/\/www.big-biking-cleanup.com\/wp-content\/uploads\/2022\/03\/die-spendenaktion-seehamster-300x225.webp 300w\" sizes=\"(max-width: 600px) 100vw, 600px\" \/>\t\t\t\t\t\t\t\t\t\t\t\t\t\t\t<\/div>\n\t\t\t\t<\/div>\n\t\t\t\t<div class=\"elementor-element elementor-element-0543eb0 elementor-widget elementor-widget-text-editor\" data-id=\"0543eb0\" data-element_type=\"widget\" data-e-type=\"widget\" data-widget_type=\"text-editor.default\">\n\t\t\t\t<div class=\"elementor-widget-container\">\n\t\t\t\t\t\t\t\t\t<p class=\"translation-block\">The SeeHamster is the smallest representative of OEOO e.V.'s <strong>\"Maritime Waste Collection\"<\/strong> vessels. With a length of about 4.5-6 metres and a width of 2-3 metres and a shallow draft, the compact catamaran is used in inland waters such as rivers and lakes.<\/p><p>In 2012, the first practical implementation started, testing the functionality of the collection concept for practicality.<\/p><p>Over the years, the SeeHamster has been further optimised and adapted to local conditions: special ramp and conveyor belt constructions are now also used. Furthermore, some SeeHamsters now run on electric motors powered by solar energy.<\/p><p class=\"translation-block\"><strong>The collection capacity is up to 500 kg<\/strong> and they are currently used in Germany, Cambodia, Indonesia, Egypt and the Philippines.<\/p>\t\t\t\t\t\t\t\t<\/div>\n\t\t\t\t<\/div>\n\t\t\t\t\t<\/div>\n\t\t<\/div>\n\t\t\t\t\t<\/div>\n\t\t<\/section>\n\t\t\t\t\t<\/div>\n\t\t<\/div>\n\t\t\t\t\t<\/div>\n\t\t<\/section>\n\t\t\t\t<section class=\"elementor-section elementor-top-section elementor-element elementor-element-24d2ad6 elementor-section-full_width elementor-section-height-default elementor-section-height-default\" data-id=\"24d2ad6\" data-element_type=\"section\" data-e-type=\"section\">\n\t\t\t\t\t\t<div class=\"elementor-container elementor-column-gap-default\">\n\t\t\t\t\t<div class=\"elementor-column elementor-col-100 elementor-top-column elementor-element elementor-element-7c338eb\" data-id=\"7c338eb\" data-element_type=\"column\" data-e-type=\"column\">\n\t\t\t<div class=\"elementor-widget-wrap elementor-element-populated\">\n\t\t\t\t\t\t<div class=\"elementor-element elementor-element-34ff083 elementor-widget elementor-widget-template\" data-id=\"34ff083\" data-element_type=\"widget\" data-e-type=\"widget\" data-widget_type=\"template.default\">\n\t\t\t\t<div class=\"elementor-widget-container\">\n\t\t\t\t\t\t\t<div class=\"elementor-template\">\n\t\t\t\t\t<div data-elementor-type=\"section\" data-elementor-id=\"2781\" class=\"elementor elementor-2781\" data-elementor-post-type=\"elementor_library\">\n\t\t\t\t\t<section class=\"elementor-section elementor-top-section elementor-element elementor-element-370b668 elementor-section-boxed elementor-section-height-default elementor-section-height-default\" data-id=\"370b668\" data-element_type=\"section\" data-e-type=\"section\" data-settings=\"{&quot;background_background&quot;:&quot;classic&quot;}\">\n\t\t\t\t\t\t<div class=\"elementor-container elementor-column-gap-default\">\n\t\t\t\t\t<div class=\"elementor-column elementor-col-100 elementor-top-column elementor-element elementor-element-925f6ba\" data-id=\"925f6ba\" data-element_type=\"column\" data-e-type=\"column\" data-settings=\"{&quot;background_background&quot;:&quot;classic&quot;}\">\n\t\t\t<div class=\"elementor-widget-wrap elementor-element-populated\">\n\t\t\t\t\t\t<div class=\"elementor-element elementor-element-df81933 elementor-widget elementor-widget-heading\" data-id=\"df81933\" data-element_type=\"widget\" data-e-type=\"widget\" data-widget_type=\"heading.default\">\n\t\t\t\t<div class=\"elementor-widget-container\">\n\t\t\t\t\t<h1 class=\"elementor-heading-title elementor-size-default\">All the Madness<\/h1>\t\t\t\t<\/div>\n\t\t\t\t<\/div>\n\t\t\t\t<div class=\"elementor-element elementor-element-2369c2a elementor-widget elementor-widget-heading\" data-id=\"2369c2a\" data-element_type=\"widget\" data-e-type=\"widget\" data-widget_type=\"heading.default\">\n\t\t\t\t<div class=\"elementor-widget-container\">\n\t\t\t\t\t<h2 class=\"elementor-heading-title elementor-size-default\">on Instagram<\/h2>\t\t\t\t<\/div>\n\t\t\t\t<\/div>\n\t\t\t\t<div class=\"elementor-element elementor-element-a3a67a6 elementor-widget elementor-widget-text-editor\" data-id=\"a3a67a6\" data-element_type=\"widget\" data-e-type=\"widget\" data-widget_type=\"text-editor.default\">\n\t\t\t\t<div class=\"elementor-widget-container\">\n\t\t\t\t\t\t\t\t\t<p>Daily reports from the tour, encounters with people, impressions and everything else that happens can be followed on Instagram. Follow me and your heart, which surely also beats for nature. Peace!<\/p>\t\t\t\t\t\t\t\t<\/div>\n\t\t\t\t<\/div>\n\t\t\t\t<div class=\"elementor-element elementor-element-2b19a86 elementor-mobile-align-center elementor-align-center elementor-widget elementor-widget-button\" data-id=\"2b19a86\" data-element_type=\"widget\" data-e-type=\"widget\" data-widget_type=\"button.default\">\n\t\t\t\t<div class=\"elementor-widget-container\">\n\t\t\t\t\t\t\t\t\t<div class=\"elementor-button-wrapper\">\n\t\t\t\t\t<a class=\"elementor-button elementor-button-link elementor-size-sm\" href=\"https:\/\/www.instagram.com\/bigbikingcleanup\/\" target=\"_blank\">\n\t\t\t\t\t\t<span class=\"elementor-button-content-wrapper\">\n\t\t\t\t\t\t<span class=\"elementor-button-icon\">\n\t\t\t\t<i aria-hidden=\"true\" class=\"fab fa-instagram\"><\/i>\t\t\t<\/span>\n\t\t\t\t\t\t\t\t\t<span class=\"elementor-button-text\">To the Instagram channel<\/span>\n\t\t\t\t\t<\/span>\n\t\t\t\t\t<\/a>\n\t\t\t\t<\/div>\n\t\t\t\t\t\t\t\t<\/div>\n\t\t\t\t<\/div>\n\t\t\t\t<div class=\"elementor-element elementor-element-810fcd8 elementor-widget elementor-widget-image\" data-id=\"810fcd8\" data-element_type=\"widget\" data-e-type=\"widget\" data-widget_type=\"image.default\">\n\t\t\t\t<div class=\"elementor-widget-container\">\n\t\t\t\t\t\t\t\t\t\t\t\t\t\t\t\t<a href=\"https:\/\/www.instagram.com\/bigbikingcleanup\/\" target=\"_blank\">\n\t\t\t\t\t\t\t<img loading=\"lazy\" decoding=\"async\" width=\"1100\" height=\"550\" src=\"https:\/\/www.big-biking-cleanup.com\/wp-content\/uploads\/2022\/03\/instagram-2.webp\" class=\"attachment-full size-full wp-image-4271\" alt=\"Instagram 2\" srcset=\"https:\/\/www.big-biking-cleanup.com\/wp-content\/uploads\/2022\/03\/instagram-2.webp 1100w, https:\/\/www.big-biking-cleanup.com\/wp-content\/uploads\/2022\/03\/instagram-2-300x150.webp 300w, https:\/\/www.big-biking-cleanup.com\/wp-content\/uploads\/2022\/03\/instagram-2-1024x512.webp 1024w, https:\/\/www.big-biking-cleanup.com\/wp-content\/uploads\/2022\/03\/instagram-2-768x384.webp 768w, https:\/\/www.big-biking-cleanup.com\/wp-content\/uploads\/2022\/03\/instagram-2-18x9.webp 18w\" sizes=\"(max-width: 1100px) 100vw, 1100px\" \/>\t\t\t\t\t\t\t\t<\/a>\n\t\t\t\t\t\t\t\t\t\t\t\t\t\t\t<\/div>\n\t\t\t\t<\/div>\n\t\t\t\t\t<\/div>\n\t\t<\/div>\n\t\t\t\t\t<\/div>\n\t\t<\/section>\n\t\t\t\t<\/div>\n\t\t\t\t<\/div>\n\t\t\t\t\t\t<\/div>\n\t\t\t\t<\/div>\n\t\t\t\t\t<\/div>\n\t\t<\/div>\n\t\t\t\t\t<\/div>\n\t\t<\/section>\n\t\t\t\t<\/div>","protected":false},"excerpt":{"rendered":"<p>Die Spenden\u00adaktion 20.000 \u20ac f\u00fcr einen SeeHamster von One Earth \u2013 One Ocean e.&nbsp;V. Die Idee von One Earth \u2013 One Ocean e.&nbsp;V. Eine der gr\u00f6\u00dften Herausforderungen f\u00fcr unsere globale Gesellschaft ist die Verschmutzung der Ozeane, Fl\u00fcsse und Seen. Sch\u00e4tzungen zufolge befinden sich bereits 150 Millionen Tonnen Plastik in den Weltmeeren, und jedes Jahr gelangen [&hellip;]<\/p>\n","protected":false},"author":1,"featured_media":0,"parent":0,"menu_order":0,"comment_status":"closed","ping_status":"closed","template":"","meta":{"inline_featured_image":false,"footnotes":""},"class_list":["post-36","page","type-page","status-publish","hentry"],"_links":{"self":[{"href":"https:\/\/www.big-biking-cleanup.com\/en\/wp-json\/wp\/v2\/pages\/36","targetHints":{"allow":["GET"]}}],"collection":[{"href":"https:\/\/www.big-biking-cleanup.com\/en\/wp-json\/wp\/v2\/pages"}],"about":[{"href":"https:\/\/www.big-biking-cleanup.com\/en\/wp-json\/wp\/v2\/types\/page"}],"author":[{"embeddable":true,"href":"https:\/\/www.big-biking-cleanup.com\/en\/wp-json\/wp\/v2\/users\/1"}],"replies":[{"embeddable":true,"href":"https:\/\/www.big-biking-cleanup.com\/en\/wp-json\/wp\/v2\/comments?post=36"}],"version-history":[{"count":150,"href":"https:\/\/www.big-biking-cleanup.com\/en\/wp-json\/wp\/v2\/pages\/36\/revisions"}],"predecessor-version":[{"id":4505,"href":"https:\/\/www.big-biking-cleanup.com\/en\/wp-json\/wp\/v2\/pages\/36\/revisions\/4505"}],"wp:attachment":[{"href":"https:\/\/www.big-biking-cleanup.com\/en\/wp-json\/wp\/v2\/media?parent=36"}],"curies":[{"name":"wp","href":"https:\/\/api.w.org\/{rel}","templated":true}]}}